{"id":189,"date":"2021-04-16T15:36:28","date_gmt":"2021-04-16T19:36:28","guid":{"rendered":"https:\/\/boutique.jardinnbgarden.com\/camp-dete-touche-a-tout\/"},"modified":"2024-03-07T16:15:26","modified_gmt":"2024-03-07T19:15:26","slug":"camp-dete-touche-a-tout","status":"publish","type":"page","link":"https:\/\/jardinnbgarden.com\/en\/camp-dete-touche-a-tout\/","title":{"rendered":"Summer Camp"},"content":{"rendered":"<p>[et_pb_section fb_built=&#8221;1&#8243; fullwidth=&#8221;on&#8221; _builder_version=&#8221;4.16&#8243; _module_preset=&#8221;default&#8221; custom_margin=&#8221;100px||||false|false&#8221; da_disable_devices=&#8221;off|off|off&#8221; global_colors_info=&#8221;{}&#8221; da_is_popup=&#8221;off&#8221; da_exit_intent=&#8221;off&#8221; da_has_close=&#8221;on&#8221; da_alt_close=&#8221;off&#8221; da_dark_close=&#8221;off&#8221; da_not_modal=&#8221;on&#8221; da_is_singular=&#8221;off&#8221; da_with_loader=&#8221;off&#8221; da_has_shadow=&#8221;on&#8221;][et_pb_fullwidth_image src=&#8221;https:\/\/boutique.jardinnbgarden.com\/wp-content\/uploads\/2021\/04\/breadcrumb.jpg&#8221; title_text=&#8221;breadcrumb&#8221; _builder_version=&#8221;4.16&#8243; _module_preset=&#8221;default&#8221; custom_margin=&#8221;||||false|false&#8221; animation_style=&#8221;fade&#8221; global_colors_info=&#8221;{}&#8221;][\/et_pb_fullwidth_image][\/et_pb_section][et_pb_section fb_built=&#8221;1&#8243; _builder_version=&#8221;4.16&#8243; _module_preset=&#8221;default&#8221; custom_margin=&#8221;||||false|false&#8221; custom_padding=&#8221;0px||0px||false|false&#8221; da_disable_devices=&#8221;off|off|off&#8221; global_colors_info=&#8221;{}&#8221; da_is_popup=&#8221;off&#8221; da_exit_intent=&#8221;off&#8221; da_has_close=&#8221;on&#8221; da_alt_close=&#8221;off&#8221; da_dark_close=&#8221;off&#8221; da_not_modal=&#8221;on&#8221; da_is_singular=&#8221;off&#8221; da_with_loader=&#8221;off&#8221; da_has_shadow=&#8221;on&#8221;][et_pb_row _builder_version=&#8221;4.16&#8243; _module_preset=&#8221;default&#8221; global_colors_info=&#8221;{}&#8221;][et_pb_column type=&#8221;4_4&#8243; _builder_version=&#8221;4.16&#8243; _module_preset=&#8221;default&#8221; global_colors_info=&#8221;{}&#8221;][et_pb_text _builder_version=&#8221;4.16&#8243; _module_preset=&#8221;default&#8221; animation_style=&#8221;flip&#8221; animation_delay=&#8221;400ms&#8221; global_colors_info=&#8221;{}&#8221;]<\/p>\n<h1>Summer Camp<\/h1>\n<p>[\/et_pb_text][et_pb_text _builder_version=&#8221;4.21.0&#8243; _module_preset=&#8221;default&#8221; animation_style=&#8221;flip&#8221; animation_delay=&#8221;800ms&#8221; global_colors_info=&#8221;{}&#8221;]<\/p>\n<p><em><strong>In french only<\/strong><\/em><\/p>\n<p>Liste des documents pour camp d&#8217;\u00e9t\u00e9 2024 :<\/p>\n<ul style=\"padding-left: 40px;\">\n<li style=\"line-height: 40px;\">Communiqu\u00e9 (<a href=\"https:\/\/jardinnbgarden.com\/wp-content\/uploads\/2023\/04\/Communique-camps-touche-a-tout-2023.pdf\" target=\"_blank\" rel=\"noopener\">Format PDF<\/a>)<\/li>\n<li style=\"line-height: 40px;\">Fiche d\u2019inscription 2024 (<a href=\"https:\/\/jardinnbgarden.com\/wp-content\/uploads\/2023\/04\/Fiche-inscription-camp-ete-en-ligne.pdf\" target=\"_blank\" rel=\"noopener noreferrer\">Format PDF<\/a>) : <span lang=\"FR-CA\">envoyer le formulaire rempli \u00e0 <\/span><a href=\"mailto:info@jardinnbgarden.com\" title=\"mailto:info@jardinnbgarden.com\"><span lang=\"FR-CA\">info@jardinnbgarden.com<\/span><\/a> suite \u00e0 l\u2019achat et la r\u00e9servation des semaines de camps sur notre boutique en ligne<\/li>\n<li style=\"line-height: 40px;\">Mat\u00e9riel n\u00e9cessaire pour venir au camp (<a href=\"https:\/\/jardinnbgarden.com\/wp-content\/uploads\/2023\/04\/materiel-de-camp.pdf\" target=\"_blank\" rel=\"noopener\">Format PDF<\/a>)<\/li>\n<\/ul>\n<p>Co\u00fbt par enfant pour une semaine : $<strong>165<\/strong>\u00a0pour les membres (passe familiale) et <strong>$180<\/strong> pour non-membre.<\/p>\n<p>[\/et_pb_text][et_pb_button button_url=&#8221;@ET-DC@eyJkeW5hbWljIjp0cnVlLCJjb250ZW50IjoicG9zdF9saW5rX3VybF9wYWdlIiwic2V0dGluZ3MiOnsicG9zdF9pZCI6IjcwIn19@&#8221; button_text=&#8221;Online purchase from May 1 at 8 a.m.&#8221; button_alignment=&#8221;center&#8221; _builder_version=&#8221;4.21.0&#8243; _dynamic_attributes=&#8221;button_url&#8221; _module_preset=&#8221;default&#8221; animation_style=&#8221;flip&#8221; animation_delay=&#8221;1200ms&#8221; global_colors_info=&#8221;{}&#8221;][\/et_pb_button][\/et_pb_column][\/et_pb_row][\/et_pb_section]<\/p>\n","protected":false},"excerpt":{"rendered":"<p>Summer CampIn french only Liste des documents pour camp d&#8217;\u00e9t\u00e9 2024 : Communiqu\u00e9 (Format PDF) Fiche d\u2019inscription 2024 (Format PDF) : envoyer le formulaire rempli \u00e0 info@jardinnbgarden.com suite \u00e0 l\u2019achat et la r\u00e9servation des semaines de camps sur notre boutique en ligne Mat\u00e9riel n\u00e9cessaire pour venir au camp (Format PDF) Co\u00fbt par enfant pour une [&hellip;]<\/p>\n","protected":false},"author":1,"featured_media":0,"parent":0,"menu_order":0,"comment_status":"closed","ping_status":"closed","template":"","meta":{"_et_pb_use_builder":"on","_et_pb_old_content":"","_et_gb_content_width":"","footnotes":""},"categories":[28],"tags":[],"class_list":["post-189","page","type-page","status-publish","hentry","category-activites"],"_links":{"self":[{"href":"https:\/\/jardinnbgarden.com\/en\/wp-json\/wp\/v2\/pages\/189","targetHints":{"allow":["GET"]}}],"collection":[{"href":"https:\/\/jardinnbgarden.com\/en\/wp-json\/wp\/v2\/pages"}],"about":[{"href":"https:\/\/jardinnbgarden.com\/en\/wp-json\/wp\/v2\/types\/page"}],"author":[{"embeddable":true,"href":"https:\/\/jardinnbgarden.com\/en\/wp-json\/wp\/v2\/users\/1"}],"replies":[{"embeddable":true,"href":"https:\/\/jardinnbgarden.com\/en\/wp-json\/wp\/v2\/comments?post=189"}],"version-history":[{"count":0,"href":"https:\/\/jardinnbgarden.com\/en\/wp-json\/wp\/v2\/pages\/189\/revisions"}],"wp:attachment":[{"href":"https:\/\/jardinnbgarden.com\/en\/wp-json\/wp\/v2\/media?parent=189"}],"wp:term":[{"taxonomy":"category","embeddable":true,"href":"https:\/\/jardinnbgarden.com\/en\/wp-json\/wp\/v2\/categories?post=189"},{"taxonomy":"post_tag","embeddable":true,"href":"https:\/\/jardinnbgarden.com\/en\/wp-json\/wp\/v2\/tags?post=189"}],"curies":[{"name":"wp","href":"https:\/\/api.w.org\/{rel}","templated":true}]}}