{"id":654,"date":"2021-04-23T14:49:59","date_gmt":"2021-04-23T18:49:59","guid":{"rendered":"https:\/\/boutique.jardinnbgarden.com\/who-are-we\/"},"modified":"2023-05-17T15:11:49","modified_gmt":"2023-05-17T18:11:49","slug":"who-are-we","status":"publish","type":"page","link":"https:\/\/jardinnbgarden.com\/en\/who-are-we\/","title":{"rendered":"Who Are We?"},"content":{"rendered":"<p>[et_pb_section fb_built=&#8221;1&#8243; fullwidth=&#8221;on&#8221; _builder_version=&#8221;4.16&#8243; _module_preset=&#8221;default&#8221; custom_margin=&#8221;100px||||false|false&#8221; animation_style=&#8221;slide&#8221; animation_direction=&#8221;top&#8221; da_disable_devices=&#8221;off|off|off&#8221; global_colors_info=&#8221;{}&#8221; da_is_popup=&#8221;off&#8221; da_exit_intent=&#8221;off&#8221; da_has_close=&#8221;on&#8221; da_alt_close=&#8221;off&#8221; da_dark_close=&#8221;off&#8221; da_not_modal=&#8221;on&#8221; da_is_singular=&#8221;off&#8221; da_with_loader=&#8221;off&#8221; da_has_shadow=&#8221;on&#8221;][et_pb_fullwidth_image src=&#8221;https:\/\/jardinnbgarden.com\/wp-content\/uploads\/2021\/04\/breadcrumb.jpg&#8221; _builder_version=&#8221;4.16&#8243; _module_preset=&#8221;default&#8221; animation_style=&#8221;fade&#8221; global_colors_info=&#8221;{}&#8221;][\/et_pb_fullwidth_image][\/et_pb_section][et_pb_section fb_built=&#8221;1&#8243; _builder_version=&#8221;4.16&#8243; _module_preset=&#8221;default&#8221; custom_padding=&#8221;0px||0px||false|false&#8221; da_disable_devices=&#8221;off|off|off&#8221; global_colors_info=&#8221;{}&#8221; da_is_popup=&#8221;off&#8221; da_exit_intent=&#8221;off&#8221; da_has_close=&#8221;on&#8221; da_alt_close=&#8221;off&#8221; da_dark_close=&#8221;off&#8221; da_not_modal=&#8221;on&#8221; da_is_singular=&#8221;off&#8221; da_with_loader=&#8221;off&#8221; da_has_shadow=&#8221;on&#8221;][et_pb_row _builder_version=&#8221;4.16&#8243; _module_preset=&#8221;default&#8221; global_colors_info=&#8221;{}&#8221;][et_pb_column type=&#8221;4_4&#8243; _builder_version=&#8221;4.16&#8243; _module_preset=&#8221;default&#8221; global_colors_info=&#8221;{}&#8221;][et_pb_text _builder_version=&#8221;4.16&#8243; _module_preset=&#8221;default&#8221; animation_style=&#8221;flip&#8221; animation_delay=&#8221;400ms&#8221; global_colors_info=&#8221;{}&#8221;]<\/p>\n<h1>Who Are We?<\/h1>\n<p>[\/et_pb_text][et_pb_text _builder_version=&#8221;4.21.0&#8243; _module_preset=&#8221;default&#8221; custom_padding=&#8221;0px||0px||false|false&#8221; animation_style=&#8221;flip&#8221; animation_delay=&#8221;800ms&#8221; hover_enabled=&#8221;0&#8243; global_colors_info=&#8221;{}&#8221; sticky_enabled=&#8221;0&#8243;]<\/p>\n<p style=\"text-align: justify;\">We are a team of passionate people, who make every effort to provide you with a unique experience. Who will you run into in the garden? As soon as you arrive, we will greet you with a smile and be happy to give you all the information you need to enhance your visit.\u00a0 Are you hungry? No problem! Enjoy yourself at Caf\u00e9 Flora. Sit on the magnificent terrace or attractive indoor area. \u00a0Our Chef and his attentive staff will surprise you with a menu filled with unique flavours and specialty desserts that will leave no one indifferent. In our garden, you may come across our attentive gardeners, who are very caring about the garden. Come and admire the fruit of their labour, which translates into beautiful flowers, trees, shrubs, edible plants, mosaics and more! Inside the garden, you can also take the time to observe and chat with our artists-in-residence who will showcase their art and share the secrets of their craft.\u00a0 Every Thursday in June, July and August, come and enjoy the activity called: <em>Plein air au Jardin<\/em>. This initiative led by a group of artists features painters who settle all over our garden to paint magnificent landscapes.<\/p>\n<p style=\"text-align: justify;\">As you go through the garden of medicinal and aromatic plants, stop at the herbalist shop to meet our herbalist who will share secrets for the use of many plants. At our herbalist shop, you may come across other team members or invited speakers who will offer workshops during the summer.<\/p>\n<p style=\"text-align: justify;\">Education also plays an important role in the garden, so don\u2019t be surprised if you come across our summer camp animators with their groups. Our team also works hard to offer you unique and rallying activities such as our\u00a0<em>La Sortie Branch\u00e9e<\/em>\u00a0en Acadie, <em>la Grande Grouille d\u2019automne and Le Jardin emball\u00e9<\/em>. Come and have fun with us. No matter the time of your visit, I hope you will meet them all because they form an incredible team! Welcome to our garden.<\/p>\n<p style=\"text-align: justify;\">Jos\u00e9e B\u00e9rub\u00e9<br \/>Executive Director of the New Brunswick Botanical Garden<\/p>\n<p>[\/et_pb_text][\/et_pb_column][\/et_pb_row][\/et_pb_section]<\/p>\n","protected":false},"excerpt":{"rendered":"<p>Who Are We?We are a team of passionate people, who make every effort to provide you with a unique experience. Who will you run into in the garden? As soon as you arrive, we will greet you with a smile and be happy to give you all the information you need to enhance your visit.\u00a0 [&hellip;]<\/p>\n","protected":false},"author":1,"featured_media":0,"parent":0,"menu_order":0,"comment_status":"closed","ping_status":"closed","template":"","meta":{"_et_pb_use_builder":"on","_et_pb_old_content":"","_et_gb_content_width":"","footnotes":""},"categories":[30],"tags":[],"class_list":["post-654","page","type-page","status-publish","hentry","category-a-propos"],"_links":{"self":[{"href":"https:\/\/jardinnbgarden.com\/en\/wp-json\/wp\/v2\/pages\/654","targetHints":{"allow":["GET"]}}],"collection":[{"href":"https:\/\/jardinnbgarden.com\/en\/wp-json\/wp\/v2\/pages"}],"about":[{"href":"https:\/\/jardinnbgarden.com\/en\/wp-json\/wp\/v2\/types\/page"}],"author":[{"embeddable":true,"href":"https:\/\/jardinnbgarden.com\/en\/wp-json\/wp\/v2\/users\/1"}],"replies":[{"embeddable":true,"href":"https:\/\/jardinnbgarden.com\/en\/wp-json\/wp\/v2\/comments?post=654"}],"version-history":[{"count":0,"href":"https:\/\/jardinnbgarden.com\/en\/wp-json\/wp\/v2\/pages\/654\/revisions"}],"wp:attachment":[{"href":"https:\/\/jardinnbgarden.com\/en\/wp-json\/wp\/v2\/media?parent=654"}],"wp:term":[{"taxonomy":"category","embeddable":true,"href":"https:\/\/jardinnbgarden.com\/en\/wp-json\/wp\/v2\/categories?post=654"},{"taxonomy":"post_tag","embeddable":true,"href":"https:\/\/jardinnbgarden.com\/en\/wp-json\/wp\/v2\/tags?post=654"}],"curies":[{"name":"wp","href":"https:\/\/api.w.org\/{rel}","templated":true}]}}